{"id":33,"date":"2022-04-18T19:25:21","date_gmt":"2022-04-19T00:25:21","guid":{"rendered":"https:\/\/drorlandorodriguez.com.co\/?page_id=33"},"modified":"2025-09-19T09:29:24","modified_gmt":"2025-09-19T14:29:24","slug":"travel-experience","status":"publish","type":"page","link":"https:\/\/drorlandorodriguez.com.co\/es\/travel-experience\/","title":{"rendered":"Experiencia de viaje"},"content":{"rendered":"<div data-elementor-type=\"wp-page\" data-elementor-id=\"33\" class=\"elementor elementor-33\" data-elementor-post-type=\"page\">\n\t\t\t\t<div class=\"elementor-element elementor-element-1e42552 e-con-full e-flex e-con e-parent\" data-id=\"1e42552\" data-element_type=\"container\" data-settings=\"{&quot;ekit_has_onepagescroll_dot&quot;:&quot;yes&quot;}\">\n\t\t\t\t<div class=\"elementor-element elementor-element-ad97af1 elementor-widget elementor-widget-premium-addon-banner\" data-id=\"ad97af1\" data-element_type=\"widget\" data-settings=\"{&quot;ekit_we_effect_on&quot;:&quot;none&quot;}\" data-widget_type=\"premium-addon-banner.default\">\n\t\t\t\t\t\t\t<div class=\"premium-banner-ib premium-banner-min-height premium-banner-animation5 none\">\n\t\t\t\t\t\t\t\t\t\t<img fetchpriority=\"high\" decoding=\"async\" width=\"1920\" height=\"800\" src=\"https:\/\/drorlandorodriguez.com.co\/wp-content\/uploads\/2025\/09\/4.jpg\" class=\"attachment-full size-full wp-image-1386\" alt=\"\" srcset=\"https:\/\/drorlandorodriguez.com.co\/wp-content\/uploads\/2025\/09\/4.jpg 1920w, https:\/\/drorlandorodriguez.com.co\/wp-content\/uploads\/2025\/09\/4-300x125.jpg 300w, https:\/\/drorlandorodriguez.com.co\/wp-content\/uploads\/2025\/09\/4-1024x427.jpg 1024w, https:\/\/drorlandorodriguez.com.co\/wp-content\/uploads\/2025\/09\/4-768x320.jpg 768w, https:\/\/drorlandorodriguez.com.co\/wp-content\/uploads\/2025\/09\/4-1536x640.jpg 1536w, https:\/\/drorlandorodriguez.com.co\/wp-content\/uploads\/2025\/09\/4-18x8.jpg 18w\" sizes=\"(max-width: 1920px) 100vw, 1920px\" \/>\t\t\t\t\t\t\t\t\t<div class=\"premium-banner-ib-desc\">\n\t\t\t\t\t\t\t\t\t<h1 class=\"premium-banner-ib-title premium_banner_title\">Vive la experiencia en Cartagena y dale a tu sonrisa lo que merece<\/h1>\t\t\t\t\t\t\t\t\t\t\t\t<\/div>\n\t\t\t\t\t<\/div>\n\t\t\t\t\t\t\t\t<\/div>\n\t\t\t\t<\/div>\n\t\t<div class=\"elementor-element elementor-element-70fae2c e-flex e-con-boxed e-con e-parent\" data-id=\"70fae2c\" data-element_type=\"container\" data-settings=\"{&quot;ekit_has_onepagescroll_dot&quot;:&quot;yes&quot;}\">\n\t\t\t\t\t<div class=\"e-con-inner\">\n\t\t\t\t<div class=\"elementor-element elementor-element-3695d87 elementor-widget elementor-widget-video\" data-id=\"3695d87\" data-element_type=\"widget\" data-settings=\"{&quot;youtube_url&quot;:&quot;https:\\\/\\\/youtu.be\\\/qJwVvN1RvgU?si=T_9wrmFVFAMClU9h&quot;,&quot;video_type&quot;:&quot;youtube&quot;,&quot;controls&quot;:&quot;yes&quot;,&quot;ekit_we_effect_on&quot;:&quot;none&quot;}\" data-widget_type=\"video.default\">\n\t\t\t\t\t\t\t<div class=\"elementor-wrapper elementor-open-inline\">\n\t\t\t<div class=\"elementor-video\"><\/div>\t\t<\/div>\n\t\t\t\t\t\t<\/div>\n\t\t\t\t\t<\/div>\n\t\t\t\t<\/div>\n\t\t<div class=\"elementor-element elementor-element-b722635 e-flex e-con-boxed e-con e-parent\" data-id=\"b722635\" data-element_type=\"container\" data-settings=\"{&quot;ekit_has_onepagescroll_dot&quot;:&quot;yes&quot;}\">\n\t\t\t\t\t<div class=\"e-con-inner\">\n\t\t\t\t<div class=\"elementor-element elementor-element-bf259fd elementor-widget elementor-widget-text-editor\" data-id=\"bf259fd\" data-element_type=\"widget\" data-settings=\"{&quot;ekit_we_effect_on&quot;:&quot;none&quot;}\" data-widget_type=\"text-editor.default\">\n\t\t\t\t\t\t\t\t\t<p style=\"text-align: justify;\">Conf\u00eda en nosotros y dale la seguridad que tu sonrisa busca. Perfecciona y mejora la est\u00e9tica de tu sonrisa a trav\u00e9s de nuestros paquetes de turismo dental en la ciudad de Cartagena, odontolog\u00eda de destino certificada por todos nuestros pacientes satisfechos. Conoce la cultura del caribe colombiano y vive una incre\u00edble experiencia de viaje en uno de los destinos m\u00e1s reconocidos para el turismo dental. Muchos de nuestros pacientes recomiendan esta experiencia odontol\u00f3gica en Colombia, porque adem\u00e1s de conseguir una sonrisa perfecta, viven la experiencia de visitar por unos d\u00edas este gran destino internacional.<\/p>\t\t\t\t\t\t\t\t<\/div>\n\t\t\t\t\t<\/div>\n\t\t\t\t<\/div>\n\t\t<div class=\"elementor-element elementor-element-51c8c30 e-flex e-con-boxed e-con e-parent\" data-id=\"51c8c30\" data-element_type=\"container\" data-settings=\"{&quot;ekit_has_onepagescroll_dot&quot;:&quot;yes&quot;}\">\n\t\t\t\t\t<div class=\"e-con-inner\">\n\t\t\t\t<div class=\"elementor-element elementor-element-e11b63e elementor-widget elementor-widget-video\" data-id=\"e11b63e\" data-element_type=\"widget\" data-settings=\"{&quot;youtube_url&quot;:&quot;https:\\\/\\\/www.youtube.com\\\/watch?v=NVR0iObir_o&quot;,&quot;video_type&quot;:&quot;youtube&quot;,&quot;controls&quot;:&quot;yes&quot;,&quot;ekit_we_effect_on&quot;:&quot;none&quot;}\" data-widget_type=\"video.default\">\n\t\t\t\t\t\t\t<div class=\"elementor-wrapper elementor-open-inline\">\n\t\t\t<div class=\"elementor-video\"><\/div>\t\t<\/div>\n\t\t\t\t\t\t<\/div>\n\t\t\t\t\t<\/div>\n\t\t\t\t<\/div>\n\t\t<div class=\"elementor-element elementor-element-8b9d3f1 e-flex e-con-boxed e-con e-parent\" data-id=\"8b9d3f1\" data-element_type=\"container\" data-settings=\"{&quot;ekit_has_onepagescroll_dot&quot;:&quot;yes&quot;}\">\n\t\t\t\t\t<div class=\"e-con-inner\">\n\t\t\t\t<div class=\"elementor-element elementor-element-5bc859b elementor-widget elementor-widget-heading\" data-id=\"5bc859b\" data-element_type=\"widget\" data-settings=\"{&quot;ekit_we_effect_on&quot;:&quot;none&quot;}\" data-widget_type=\"heading.default\">\n\t\t\t\t\t<h2 class=\"elementor-heading-title elementor-size-default\">\u00bfQu\u00e9 esperas para vivir este viaje dental?<\/h2>\t\t\t\t<\/div>\n\t\t\t\t\t<\/div>\n\t\t\t\t<\/div>\n\t\t\t\t<\/div>","protected":false},"excerpt":{"rendered":"<p>Live the experience in Cartagena and give your smile what it deserves https:\/\/youtu.be\/qJwVvN1RvgU?si=T_9wrmFVFAMClU9h Trust us and give the security that your smile is looking for. Perfect and improve the aesthetics of your smile through our dental tourism packages in the city of Cartagena, destination dentistry certified by all our satisfied patients.\u00a0 Get to know the [&hellip;]<\/p>","protected":false},"author":1,"featured_media":0,"parent":0,"menu_order":0,"comment_status":"closed","ping_status":"closed","template":"","meta":{"footnotes":""},"class_list":["post-33","page","type-page","status-publish","hentry"],"yoast_head":"<!-- This site is optimized with the Yoast SEO Premium plugin v24.1 (Yoast SEO v25.9) - https:\/\/yoast.com\/wordpress\/plugins\/seo\/ -->\n<title>Travel Experience - Dr Orlando Rodriguez - Veneers in Colombia<\/title>\n<meta name=\"description\" content=\"Travel experience, composite veneers in Colombia, Dental services All-inclusive packages for travelers, dental office in Cartagena, Colombia.\" \/>\n<meta name=\"robots\" content=\"index, follow, max-snippet:-1, max-image-preview:large, max-video-preview:-1\" \/>\n<link rel=\"canonical\" href=\"https:\/\/drorlandorodriguez.com.co\/es\/travel-experience\/\" \/>\n<meta property=\"og:locale\" content=\"es_ES\" \/>\n<meta property=\"og:type\" content=\"article\" \/>\n<meta property=\"og:title\" content=\"Travel Experience\" \/>\n<meta property=\"og:description\" content=\"Travel experience, composite veneers in Colombia, Dental services All-inclusive packages for travelers, dental office in Cartagena, Colombia.\" \/>\n<meta property=\"og:url\" content=\"https:\/\/drorlandorodriguez.com.co\/es\/travel-experience\/\" \/>\n<meta property=\"og:site_name\" content=\"Dr Orlando Rodriguez\" \/>\n<meta property=\"article:modified_time\" content=\"2025-09-19T14:29:24+00:00\" \/>\n<meta property=\"og:image\" content=\"https:\/\/drorlandorodriguez.com.co\/wp-content\/uploads\/2025\/09\/4.jpg\" \/>\n\t<meta property=\"og:image:width\" content=\"1920\" \/>\n\t<meta property=\"og:image:height\" content=\"800\" \/>\n\t<meta property=\"og:image:type\" content=\"image\/jpeg\" \/>\n<meta name=\"twitter:card\" content=\"summary_large_image\" \/>\n<meta name=\"twitter:label1\" content=\"Tiempo de lectura\" \/>\n\t<meta name=\"twitter:data1\" content=\"1 minuto\" \/>\n<script type=\"application\/ld+json\" class=\"yoast-schema-graph\">{\"@context\":\"https:\/\/schema.org\",\"@graph\":[{\"@type\":\"WebPage\",\"@id\":\"https:\/\/drorlandorodriguez.com.co\/travel-experience\/\",\"url\":\"https:\/\/drorlandorodriguez.com.co\/travel-experience\/\",\"name\":\"Travel Experience - Dr Orlando Rodriguez - Veneers in Colombia\",\"isPartOf\":{\"@id\":\"https:\/\/drorlandorodriguez.com.co\/#website\"},\"primaryImageOfPage\":{\"@id\":\"https:\/\/drorlandorodriguez.com.co\/travel-experience\/#primaryimage\"},\"image\":{\"@id\":\"https:\/\/drorlandorodriguez.com.co\/travel-experience\/#primaryimage\"},\"thumbnailUrl\":\"https:\/\/drorlandorodriguez.com.co\/wp-content\/uploads\/2025\/09\/4.jpg\",\"datePublished\":\"2022-04-19T00:25:21+00:00\",\"dateModified\":\"2025-09-19T14:29:24+00:00\",\"description\":\"Travel experience, composite veneers in Colombia, Dental services All-inclusive packages for travelers, dental office in Cartagena, Colombia.\",\"breadcrumb\":{\"@id\":\"https:\/\/drorlandorodriguez.com.co\/travel-experience\/#breadcrumb\"},\"inLanguage\":\"es-CO\",\"potentialAction\":[{\"@type\":\"ReadAction\",\"target\":[\"https:\/\/drorlandorodriguez.com.co\/travel-experience\/\"]}]},{\"@type\":\"ImageObject\",\"inLanguage\":\"es-CO\",\"@id\":\"https:\/\/drorlandorodriguez.com.co\/travel-experience\/#primaryimage\",\"url\":\"https:\/\/drorlandorodriguez.com.co\/wp-content\/uploads\/2025\/09\/4.jpg\",\"contentUrl\":\"https:\/\/drorlandorodriguez.com.co\/wp-content\/uploads\/2025\/09\/4.jpg\"},{\"@type\":\"BreadcrumbList\",\"@id\":\"https:\/\/drorlandorodriguez.com.co\/travel-experience\/#breadcrumb\",\"itemListElement\":[{\"@type\":\"ListItem\",\"position\":1,\"name\":\"Inicio\",\"item\":\"https:\/\/drorlandorodriguez.com.co\/\"},{\"@type\":\"ListItem\",\"position\":2,\"name\":\"Travel Experience\"}]},{\"@type\":\"WebSite\",\"@id\":\"https:\/\/drorlandorodriguez.com.co\/#website\",\"url\":\"https:\/\/drorlandorodriguez.com.co\/\",\"name\":\"Dr Orlando Rodriguez\",\"description\":\"Odont\u00f3logo\",\"publisher\":{\"@id\":\"https:\/\/drorlandorodriguez.com.co\/#organization\"},\"potentialAction\":[{\"@type\":\"SearchAction\",\"target\":{\"@type\":\"EntryPoint\",\"urlTemplate\":\"https:\/\/drorlandorodriguez.com.co\/?s={search_term_string}\"},\"query-input\":{\"@type\":\"PropertyValueSpecification\",\"valueRequired\":true,\"valueName\":\"search_term_string\"}}],\"inLanguage\":\"es-CO\"},{\"@type\":\"Organization\",\"@id\":\"https:\/\/drorlandorodriguez.com.co\/#organization\",\"name\":\"Dr Orlando Rodriguez\",\"url\":\"https:\/\/drorlandorodriguez.com.co\/\",\"logo\":{\"@type\":\"ImageObject\",\"inLanguage\":\"es-CO\",\"@id\":\"https:\/\/drorlandorodriguez.com.co\/#\/schema\/logo\/image\/\",\"url\":\"https:\/\/drorlandorodriguez.com.co\/wp-content\/uploads\/2025\/08\/cropped-LOGO.webp\",\"contentUrl\":\"https:\/\/drorlandorodriguez.com.co\/wp-content\/uploads\/2025\/08\/cropped-LOGO.webp\",\"width\":709,\"height\":445,\"caption\":\"Dr Orlando Rodriguez\"},\"image\":{\"@id\":\"https:\/\/drorlandorodriguez.com.co\/#\/schema\/logo\/image\/\"}}]}<\/script>\n<!-- \/ Yoast SEO Premium plugin. -->","yoast_head_json":{"title":"Travel Experience - Dr Orlando Rodriguez - Veneers in Colombia","description":"Travel experience, composite veneers in Colombia, Dental services All-inclusive packages for travelers, dental office in Cartagena, Colombia.","robots":{"index":"index","follow":"follow","max-snippet":"max-snippet:-1","max-image-preview":"max-image-preview:large","max-video-preview":"max-video-preview:-1"},"canonical":"https:\/\/drorlandorodriguez.com.co\/es\/travel-experience\/","og_locale":"es_ES","og_type":"article","og_title":"Travel Experience","og_description":"Travel experience, composite veneers in Colombia, Dental services All-inclusive packages for travelers, dental office in Cartagena, Colombia.","og_url":"https:\/\/drorlandorodriguez.com.co\/es\/travel-experience\/","og_site_name":"Dr Orlando Rodriguez","article_modified_time":"2025-09-19T14:29:24+00:00","og_image":[{"width":1920,"height":800,"url":"https:\/\/drorlandorodriguez.com.co\/wp-content\/uploads\/2025\/09\/4.jpg","type":"image\/jpeg"}],"twitter_card":"summary_large_image","twitter_misc":{"Tiempo de lectura":"1 minuto"},"schema":{"@context":"https:\/\/schema.org","@graph":[{"@type":"WebPage","@id":"https:\/\/drorlandorodriguez.com.co\/travel-experience\/","url":"https:\/\/drorlandorodriguez.com.co\/travel-experience\/","name":"Travel Experience - Dr Orlando Rodriguez - Veneers in Colombia","isPartOf":{"@id":"https:\/\/drorlandorodriguez.com.co\/#website"},"primaryImageOfPage":{"@id":"https:\/\/drorlandorodriguez.com.co\/travel-experience\/#primaryimage"},"image":{"@id":"https:\/\/drorlandorodriguez.com.co\/travel-experience\/#primaryimage"},"thumbnailUrl":"https:\/\/drorlandorodriguez.com.co\/wp-content\/uploads\/2025\/09\/4.jpg","datePublished":"2022-04-19T00:25:21+00:00","dateModified":"2025-09-19T14:29:24+00:00","description":"Travel experience, composite veneers in Colombia, Dental services All-inclusive packages for travelers, dental office in Cartagena, Colombia.","breadcrumb":{"@id":"https:\/\/drorlandorodriguez.com.co\/travel-experience\/#breadcrumb"},"inLanguage":"es-CO","potentialAction":[{"@type":"ReadAction","target":["https:\/\/drorlandorodriguez.com.co\/travel-experience\/"]}]},{"@type":"ImageObject","inLanguage":"es-CO","@id":"https:\/\/drorlandorodriguez.com.co\/travel-experience\/#primaryimage","url":"https:\/\/drorlandorodriguez.com.co\/wp-content\/uploads\/2025\/09\/4.jpg","contentUrl":"https:\/\/drorlandorodriguez.com.co\/wp-content\/uploads\/2025\/09\/4.jpg"},{"@type":"BreadcrumbList","@id":"https:\/\/drorlandorodriguez.com.co\/travel-experience\/#breadcrumb","itemListElement":[{"@type":"ListItem","position":1,"name":"Inicio","item":"https:\/\/drorlandorodriguez.com.co\/"},{"@type":"ListItem","position":2,"name":"Travel Experience"}]},{"@type":"WebSite","@id":"https:\/\/drorlandorodriguez.com.co\/#website","url":"https:\/\/drorlandorodriguez.com.co\/","name":"Dr Orlando Rodriguez","description":"Odont\u00f3logo","publisher":{"@id":"https:\/\/drorlandorodriguez.com.co\/#organization"},"potentialAction":[{"@type":"SearchAction","target":{"@type":"EntryPoint","urlTemplate":"https:\/\/drorlandorodriguez.com.co\/?s={search_term_string}"},"query-input":{"@type":"PropertyValueSpecification","valueRequired":true,"valueName":"search_term_string"}}],"inLanguage":"es-CO"},{"@type":"Organization","@id":"https:\/\/drorlandorodriguez.com.co\/#organization","name":"Dr Orlando Rodriguez","url":"https:\/\/drorlandorodriguez.com.co\/","logo":{"@type":"ImageObject","inLanguage":"es-CO","@id":"https:\/\/drorlandorodriguez.com.co\/#\/schema\/logo\/image\/","url":"https:\/\/drorlandorodriguez.com.co\/wp-content\/uploads\/2025\/08\/cropped-LOGO.webp","contentUrl":"https:\/\/drorlandorodriguez.com.co\/wp-content\/uploads\/2025\/08\/cropped-LOGO.webp","width":709,"height":445,"caption":"Dr Orlando Rodriguez"},"image":{"@id":"https:\/\/drorlandorodriguez.com.co\/#\/schema\/logo\/image\/"}}]}},"_links":{"self":[{"href":"https:\/\/drorlandorodriguez.com.co\/es\/wp-json\/wp\/v2\/pages\/33","targetHints":{"allow":["GET"]}}],"collection":[{"href":"https:\/\/drorlandorodriguez.com.co\/es\/wp-json\/wp\/v2\/pages"}],"about":[{"href":"https:\/\/drorlandorodriguez.com.co\/es\/wp-json\/wp\/v2\/types\/page"}],"author":[{"embeddable":true,"href":"https:\/\/drorlandorodriguez.com.co\/es\/wp-json\/wp\/v2\/users\/1"}],"replies":[{"embeddable":true,"href":"https:\/\/drorlandorodriguez.com.co\/es\/wp-json\/wp\/v2\/comments?post=33"}],"version-history":[{"count":36,"href":"https:\/\/drorlandorodriguez.com.co\/es\/wp-json\/wp\/v2\/pages\/33\/revisions"}],"predecessor-version":[{"id":1420,"href":"https:\/\/drorlandorodriguez.com.co\/es\/wp-json\/wp\/v2\/pages\/33\/revisions\/1420"}],"wp:attachment":[{"href":"https:\/\/drorlandorodriguez.com.co\/es\/wp-json\/wp\/v2\/media?parent=33"}],"curies":[{"name":"wp","href":"https:\/\/api.w.org\/{rel}","templated":true}]}}